{"id":546,"date":"2025-03-31T16:18:49","date_gmt":"2025-03-31T16:18:49","guid":{"rendered":"https:\/\/berryharvest.pe\/?page_id=546"},"modified":"2025-05-21T16:04:53","modified_gmt":"2025-05-21T16:04:53","slug":"politicas-de-cookies","status":"publish","type":"page","link":"https:\/\/berryharvest.pe\/en\/politicas-de-cookies\/","title":{"rendered":"Cookie Policy"},"content":{"rendered":"<div data-elementor-type=\"wp-page\" data-elementor-id=\"546\" class=\"elementor elementor-546\" data-elementor-post-type=\"page\">\n\t\t\t\t\t\t<section class=\"elementor-section elementor-top-section elementor-element elementor-element-d125b1e elementor-section-height-min-height elementor-section-boxed elementor-section-height-default elementor-section-items-middle wpr-particle-no wpr-jarallax-no wpr-parallax-no wpr-sticky-section-no wpr-equal-height-no\" data-id=\"d125b1e\" data-element_type=\"section\" data-e-type=\"section\" data-settings=\"{&quot;background_background&quot;:&quot;classic&quot;}\">\n\t\t\t\t\t\t<div class=\"elementor-container elementor-column-gap-default\">\n\t\t\t\t\t<div class=\"elementor-column elementor-col-100 elementor-top-column elementor-element elementor-element-d19d67f\" data-id=\"d19d67f\" data-element_type=\"column\" data-e-type=\"column\">\n\t\t\t<div class=\"elementor-widget-wrap elementor-element-populated\">\n\t\t\t\t\t\t<div class=\"elementor-element elementor-element-631e72c elementor-widget elementor-widget-heading\" data-id=\"631e72c\" data-element_type=\"widget\" data-e-type=\"widget\" data-widget_type=\"heading.default\">\n\t\t\t\t<div class=\"elementor-widget-container\">\n\t\t\t\t\t<h1 class=\"elementor-heading-title elementor-size-default\">Cookie Policy<\/h1>\t\t\t\t<\/div>\n\t\t\t\t<\/div>\n\t\t\t\t\t<\/div>\n\t\t<\/div>\n\t\t\t\t\t<\/div>\n\t\t<\/section>\n\t\t\t\t<section class=\"elementor-section elementor-top-section elementor-element elementor-element-d1d63f8 elementor-section-boxed elementor-section-height-default elementor-section-height-default wpr-particle-no wpr-jarallax-no wpr-parallax-no wpr-sticky-section-no wpr-equal-height-no\" data-id=\"d1d63f8\" data-element_type=\"section\" data-e-type=\"section\">\n\t\t\t\t\t\t<div class=\"elementor-container elementor-column-gap-default\">\n\t\t\t\t\t<div class=\"elementor-column elementor-col-100 elementor-top-column elementor-element elementor-element-d96e47e\" data-id=\"d96e47e\" data-element_type=\"column\" data-e-type=\"column\">\n\t\t\t<div class=\"elementor-widget-wrap elementor-element-populated\">\n\t\t\t\t\t\t<div class=\"elementor-element elementor-element-58d9f1d elementor-widget elementor-widget-spacer\" data-id=\"58d9f1d\" data-element_type=\"widget\" data-e-type=\"widget\" data-widget_type=\"spacer.default\">\n\t\t\t\t<div class=\"elementor-widget-container\">\n\t\t\t\t\t\t\t<div class=\"elementor-spacer\">\n\t\t\t<div class=\"elementor-spacer-inner\"><\/div>\n\t\t<\/div>\n\t\t\t\t\t\t<\/div>\n\t\t\t\t<\/div>\n\t\t\t\t\t<\/div>\n\t\t<\/div>\n\t\t\t\t\t<\/div>\n\t\t<\/section>\n\t\t\t\t<section class=\"elementor-section elementor-top-section elementor-element elementor-element-2cbd1b9 elementor-section-boxed elementor-section-height-default elementor-section-height-default wpr-particle-no wpr-jarallax-no wpr-parallax-no wpr-sticky-section-no wpr-equal-height-no\" data-id=\"2cbd1b9\" data-element_type=\"section\" data-e-type=\"section\">\n\t\t\t\t\t\t<div class=\"elementor-container elementor-column-gap-default\">\n\t\t\t\t\t<div class=\"elementor-column elementor-col-100 elementor-top-column elementor-element elementor-element-5a94c09\" data-id=\"5a94c09\" data-element_type=\"column\" data-e-type=\"column\">\n\t\t\t<div class=\"elementor-widget-wrap elementor-element-populated\">\n\t\t\t\t\t\t<div class=\"elementor-element elementor-element-763dff2 elementor-widget elementor-widget-text-editor\" data-id=\"763dff2\" data-element_type=\"widget\" data-e-type=\"widget\" data-widget_type=\"text-editor.default\">\n\t\t\t\t<div class=\"elementor-widget-container\">\n\t\t\t\t\t\t\t\t\t<h5><strong>\u00a01. What are Cookies?<\/strong><\/h5><p>Cookies are small text files that are stored on your device when you visit our website. They allow us to improve the user experience and optimize the functioning of the site.<\/p><h5><strong>2. Types of Cookies We Use<\/strong><\/h5><p>At <a href=\"https:\/\/berryharvest.pe\/en\/\">www.berryharvest.pe<\/a> we use the following types of cookies:<\/p><ul><li><p><strong>Essential Cookies:<\/strong> Necessary for the operation of the website.<\/p><\/li><li><p><strong>Analytics cookies:<\/strong> They allow us to analyze traffic and improve our services.<\/p><\/li><li><p><strong>Customization cookies:<\/strong> They adapt the content to your preferences.<\/p><\/li><li><p><strong>Advertising cookies:<\/strong> They facilitate the management of relevant ads for the user.<\/p><\/li><\/ul><h5><strong>3. Cookie Management<\/strong><\/h5><p>You can configure your browser to accept, reject or delete cookies at any time. Below, we provide links with instructions for the most commonly used browsers:<\/p><ul><li><p><a href=\"https:\/\/support.google.com\/chrome\/answer\/95647\">Google Chrome<\/a><\/p><\/li><li><p><a href=\"https:\/\/support.mozilla.org\/es\/kb\/activar-y-deshabilitar-cookies-sitios-web\">Mozilla Firefox<\/a><\/p><\/li><li><p><a href=\"https:\/\/support.apple.com\/es-es\/guide\/safari\/sfri11471\/mac\">Safari<\/a><\/p><\/li><li><p><a href=\"https:\/\/support.microsoft.com\/es-es\/microsoft-edge\/eliminar-las-cookies-en-microsoft-edge-63947406-40ac-c3b8-57b9-2a946a29ae09\">Microsoft Edge<\/a><\/p><\/li><\/ul><h5><strong>4. Changes in the Cookies Policy<\/strong><\/h5><p>We may update this policy at any time. You are encouraged to periodically review this section to stay informed about possible changes.<\/p><h5><strong>5. Contact<\/strong><\/h5><p>For any questions about our cookie policy, you can write to us at <strong><a href=\"mailto:info@berryharvest.pe\">info@berryharvest.pe<\/a><\/strong>.<\/p>\t\t\t\t\t\t\t\t<\/div>\n\t\t\t\t<\/div>\n\t\t\t\t\t<\/div>\n\t\t<\/div>\n\t\t\t\t\t<\/div>\n\t\t<\/section>\n\t\t\t\t<section class=\"elementor-section elementor-top-section elementor-element elementor-element-4ebd464 elementor-section-boxed elementor-section-height-default elementor-section-height-default wpr-particle-no wpr-jarallax-no wpr-parallax-no wpr-sticky-section-no wpr-equal-height-no\" data-id=\"4ebd464\" data-element_type=\"section\" data-e-type=\"section\">\n\t\t\t\t\t\t<div class=\"elementor-container elementor-column-gap-default\">\n\t\t\t\t\t<div class=\"elementor-column elementor-col-100 elementor-top-column elementor-element elementor-element-acb31ba\" data-id=\"acb31ba\" data-element_type=\"column\" data-e-type=\"column\">\n\t\t\t<div class=\"elementor-widget-wrap elementor-element-populated\">\n\t\t\t\t\t\t<div class=\"elementor-element elementor-element-09121fd elementor-widget elementor-widget-spacer\" data-id=\"09121fd\" data-element_type=\"widget\" data-e-type=\"widget\" data-widget_type=\"spacer.default\">\n\t\t\t\t<div class=\"elementor-widget-container\">\n\t\t\t\t\t\t\t<div class=\"elementor-spacer\">\n\t\t\t<div class=\"elementor-spacer-inner\"><\/div>\n\t\t<\/div>\n\t\t\t\t\t\t<\/div>\n\t\t\t\t<\/div>\n\t\t\t\t\t<\/div>\n\t\t<\/div>\n\t\t\t\t\t<\/div>\n\t\t<\/section>\n\t\t\t\t<\/div>","protected":false},"excerpt":{"rendered":"<p>Pol\u00edticas de cookies \u00a01. \u00bfQu\u00e9 son las Cookies? Las cookies son peque\u00f1os archivos de texto que se almacenan en su dispositivo cuando visita nuestro sitio web. Estas permiten mejorar la experiencia del usuario y optimizar el funcionamiento del sitio. 2. Tipos de Cookies que Utilizamos En www.berryharvest.pe utilizamos los siguientes tipos de cookies: Cookies esenciales: Necesarias para el funcionamiento del sitio web. Cookies de an\u00e1lisis: Nos permiten analizar el tr\u00e1fico y mejorar nuestros servicios. Cookies de personalizaci\u00f3n: Adaptan el contenido a sus preferencias. Cookies de publicidad: Facilitan la gesti\u00f3n de anuncios relevantes para el usuario. 3. Gesti\u00f3n de Cookies Usted puede configurar su navegador para aceptar, rechazar o eliminar cookies en cualquier momento. A continuaci\u00f3n, proporcionamos enlaces con instrucciones para los navegadores m\u00e1s utilizados: Google Chrome Mozilla Firefox Safari Microsoft Edge 4. Cambios en la Pol\u00edtica de Cookies Podemos actualizar esta pol\u00edtica en cualquier momento. Se recomienda revisar peri\u00f3dicamente esta secci\u00f3n para estar informado sobre posibles cambios. 5. Contacto Para cualquier consulta sobre nuestra pol\u00edtica de cookies, puede escribirnos a info@berryharvest.pe.<\/p>","protected":false},"author":1,"featured_media":0,"parent":0,"menu_order":0,"comment_status":"closed","ping_status":"closed","template":"","meta":{"footnotes":""},"class_list":["post-546","page","type-page","status-publish","hentry"],"yoast_head":"<!-- This site is optimized with the Yoast SEO plugin v27.5 - https:\/\/yoast.com\/product\/yoast-seo-wordpress\/ -->\n<title>Pol\u00edticas de cookies - Berry Harvest | Highest quality, greatest care<\/title>\n<meta name=\"robots\" content=\"index, follow, max-snippet:-1, max-image-preview:large, max-video-preview:-1\" \/>\n<link rel=\"canonical\" href=\"https:\/\/berryharvest.pe\/en\/politicas-de-cookies\/\" \/>\n<meta property=\"og:locale\" content=\"en_US\" \/>\n<meta property=\"og:type\" content=\"article\" \/>\n<meta property=\"og:title\" content=\"Pol\u00edticas de cookies - Berry Harvest | Highest quality, greatest care\" \/>\n<meta property=\"og:description\" content=\"Pol\u00edticas de cookies \u00a01. \u00bfQu\u00e9 son las Cookies? Las cookies son peque\u00f1os archivos de texto que se almacenan en su dispositivo cuando visita nuestro sitio web. Estas permiten mejorar la experiencia del usuario y optimizar el funcionamiento del sitio. 2. Tipos de Cookies que Utilizamos En www.berryharvest.pe utilizamos los siguientes tipos de cookies: Cookies esenciales: Necesarias para el funcionamiento del sitio web. Cookies de an\u00e1lisis: Nos permiten analizar el tr\u00e1fico y mejorar nuestros servicios. Cookies de personalizaci\u00f3n: Adaptan el contenido a sus preferencias. Cookies de publicidad: Facilitan la gesti\u00f3n de anuncios relevantes para el usuario. 3. Gesti\u00f3n de Cookies Usted puede configurar su navegador para aceptar, rechazar o eliminar cookies en cualquier momento. A continuaci\u00f3n, proporcionamos enlaces con instrucciones para los navegadores m\u00e1s utilizados: Google Chrome Mozilla Firefox Safari Microsoft Edge 4. Cambios en la Pol\u00edtica de Cookies Podemos actualizar esta pol\u00edtica en cualquier momento. Se recomienda revisar peri\u00f3dicamente esta secci\u00f3n para estar informado sobre posibles cambios. 5. Contacto Para cualquier consulta sobre nuestra pol\u00edtica de cookies, puede escribirnos a info@berryharvest.pe.\" \/>\n<meta property=\"og:url\" content=\"https:\/\/berryharvest.pe\/en\/politicas-de-cookies\/\" \/>\n<meta property=\"og:site_name\" content=\"Berry Harvest | Highest quality, greatest care\" \/>\n<meta property=\"article:publisher\" content=\"https:\/\/www.facebook.com\/AgroBerryHarvest\" \/>\n<meta property=\"article:modified_time\" content=\"2025-05-21T16:04:53+00:00\" \/>\n<meta property=\"og:image\" content=\"https:\/\/berryharvest.pe\/wp-content\/uploads\/2025\/06\/berry-harvest.jpg\" \/>\n\t<meta property=\"og:image:width\" content=\"1200\" \/>\n\t<meta property=\"og:image:height\" content=\"675\" \/>\n\t<meta property=\"og:image:type\" content=\"image\/jpeg\" \/>\n<meta name=\"twitter:card\" content=\"summary_large_image\" \/>\n<meta name=\"twitter:label1\" content=\"Est. reading time\" \/>\n\t<meta name=\"twitter:data1\" content=\"1 minute\" \/>\n<script type=\"application\/ld+json\" class=\"yoast-schema-graph\">{\"@context\":\"https:\\\/\\\/schema.org\",\"@graph\":[{\"@type\":\"WebPage\",\"@id\":\"https:\\\/\\\/berryharvest.pe\\\/politicas-de-cookies\\\/\",\"url\":\"https:\\\/\\\/berryharvest.pe\\\/politicas-de-cookies\\\/\",\"name\":\"Pol\u00edticas de cookies - Berry Harvest | Highest quality, greatest care\",\"isPartOf\":{\"@id\":\"https:\\\/\\\/berryharvest.pe\\\/en\\\/#website\"},\"datePublished\":\"2025-03-31T16:18:49+00:00\",\"dateModified\":\"2025-05-21T16:04:53+00:00\",\"breadcrumb\":{\"@id\":\"https:\\\/\\\/berryharvest.pe\\\/politicas-de-cookies\\\/#breadcrumb\"},\"inLanguage\":\"en-US\",\"potentialAction\":[{\"@type\":\"ReadAction\",\"target\":[\"https:\\\/\\\/berryharvest.pe\\\/politicas-de-cookies\\\/\"]}]},{\"@type\":\"BreadcrumbList\",\"@id\":\"https:\\\/\\\/berryharvest.pe\\\/politicas-de-cookies\\\/#breadcrumb\",\"itemListElement\":[{\"@type\":\"ListItem\",\"position\":1,\"name\":\"Portada\",\"item\":\"https:\\\/\\\/berryharvest.pe\\\/\"},{\"@type\":\"ListItem\",\"position\":2,\"name\":\"Pol\u00edticas de cookies\"}]},{\"@type\":\"WebSite\",\"@id\":\"https:\\\/\\\/berryharvest.pe\\\/en\\\/#website\",\"url\":\"https:\\\/\\\/berryharvest.pe\\\/en\\\/\",\"name\":\"Berry Harvest | Highest quality, greatest care\",\"description\":\"Agroindustrial company dedicated to the cultivation and commercialization of blueberries and avocados.\",\"publisher\":{\"@id\":\"https:\\\/\\\/berryharvest.pe\\\/en\\\/#organization\"},\"alternateName\":\"Berry Harvest\",\"potentialAction\":[{\"@type\":\"SearchAction\",\"target\":{\"@type\":\"EntryPoint\",\"urlTemplate\":\"https:\\\/\\\/berryharvest.pe\\\/en\\\/?s={search_term_string}\"},\"query-input\":{\"@type\":\"PropertyValueSpecification\",\"valueRequired\":true,\"valueName\":\"search_term_string\"}}],\"inLanguage\":\"en-US\"},{\"@type\":\"Organization\",\"@id\":\"https:\\\/\\\/berryharvest.pe\\\/en\\\/#organization\",\"name\":\"Berry Harvest | Highest quality, greatest care\",\"alternateName\":\"Berry Harvest\",\"url\":\"https:\\\/\\\/berryharvest.pe\\\/en\\\/\",\"logo\":{\"@type\":\"ImageObject\",\"inLanguage\":\"en-US\",\"@id\":\"https:\\\/\\\/berryharvest.pe\\\/en\\\/#\\\/schema\\\/logo\\\/image\\\/\",\"url\":\"https:\\\/\\\/berryharvest.pe\\\/wp-content\\\/uploads\\\/2025\\\/03\\\/LOGO-BERRY-HARVEST-A-COLOR-1.png\",\"contentUrl\":\"https:\\\/\\\/berryharvest.pe\\\/wp-content\\\/uploads\\\/2025\\\/03\\\/LOGO-BERRY-HARVEST-A-COLOR-1.png\",\"width\":160,\"height\":123,\"caption\":\"Berry Harvest | Highest quality, greatest care\"},\"image\":{\"@id\":\"https:\\\/\\\/berryharvest.pe\\\/en\\\/#\\\/schema\\\/logo\\\/image\\\/\"},\"sameAs\":[\"https:\\\/\\\/www.facebook.com\\\/AgroBerryHarvest\",\"https:\\\/\\\/www.linkedin.com\\\/company\\\/berry-harvest\\\/\",\"https:\\\/\\\/www.youtube.com\\\/@BerryHarvest\"]}]}<\/script>\n<!-- \/ Yoast SEO plugin. -->","yoast_head_json":{"title":"Pol\u00edticas de cookies - Berry Harvest | Highest quality, greatest care","robots":{"index":"index","follow":"follow","max-snippet":"max-snippet:-1","max-image-preview":"max-image-preview:large","max-video-preview":"max-video-preview:-1"},"canonical":"https:\/\/berryharvest.pe\/en\/politicas-de-cookies\/","og_locale":"en_US","og_type":"article","og_title":"Pol\u00edticas de cookies - Berry Harvest | Highest quality, greatest care","og_description":"Pol\u00edticas de cookies \u00a01. \u00bfQu\u00e9 son las Cookies? Las cookies son peque\u00f1os archivos de texto que se almacenan en su dispositivo cuando visita nuestro sitio web. Estas permiten mejorar la experiencia del usuario y optimizar el funcionamiento del sitio. 2. Tipos de Cookies que Utilizamos En www.berryharvest.pe utilizamos los siguientes tipos de cookies: Cookies esenciales: Necesarias para el funcionamiento del sitio web. Cookies de an\u00e1lisis: Nos permiten analizar el tr\u00e1fico y mejorar nuestros servicios. Cookies de personalizaci\u00f3n: Adaptan el contenido a sus preferencias. Cookies de publicidad: Facilitan la gesti\u00f3n de anuncios relevantes para el usuario. 3. Gesti\u00f3n de Cookies Usted puede configurar su navegador para aceptar, rechazar o eliminar cookies en cualquier momento. A continuaci\u00f3n, proporcionamos enlaces con instrucciones para los navegadores m\u00e1s utilizados: Google Chrome Mozilla Firefox Safari Microsoft Edge 4. Cambios en la Pol\u00edtica de Cookies Podemos actualizar esta pol\u00edtica en cualquier momento. Se recomienda revisar peri\u00f3dicamente esta secci\u00f3n para estar informado sobre posibles cambios. 5. Contacto Para cualquier consulta sobre nuestra pol\u00edtica de cookies, puede escribirnos a info@berryharvest.pe.","og_url":"https:\/\/berryharvest.pe\/en\/politicas-de-cookies\/","og_site_name":"Berry Harvest | Highest quality, greatest care","article_publisher":"https:\/\/www.facebook.com\/AgroBerryHarvest","article_modified_time":"2025-05-21T16:04:53+00:00","og_image":[{"width":1200,"height":675,"url":"https:\/\/berryharvest.pe\/wp-content\/uploads\/2025\/06\/berry-harvest.jpg","type":"image\/jpeg"}],"twitter_card":"summary_large_image","twitter_misc":{"Est. reading time":"1 minute"},"schema":{"@context":"https:\/\/schema.org","@graph":[{"@type":"WebPage","@id":"https:\/\/berryharvest.pe\/politicas-de-cookies\/","url":"https:\/\/berryharvest.pe\/politicas-de-cookies\/","name":"Pol\u00edticas de cookies - Berry Harvest | Highest quality, greatest care","isPartOf":{"@id":"https:\/\/berryharvest.pe\/en\/#website"},"datePublished":"2025-03-31T16:18:49+00:00","dateModified":"2025-05-21T16:04:53+00:00","breadcrumb":{"@id":"https:\/\/berryharvest.pe\/politicas-de-cookies\/#breadcrumb"},"inLanguage":"en-US","potentialAction":[{"@type":"ReadAction","target":["https:\/\/berryharvest.pe\/politicas-de-cookies\/"]}]},{"@type":"BreadcrumbList","@id":"https:\/\/berryharvest.pe\/politicas-de-cookies\/#breadcrumb","itemListElement":[{"@type":"ListItem","position":1,"name":"Portada","item":"https:\/\/berryharvest.pe\/"},{"@type":"ListItem","position":2,"name":"Pol\u00edticas de cookies"}]},{"@type":"WebSite","@id":"https:\/\/berryharvest.pe\/en\/#website","url":"https:\/\/berryharvest.pe\/en\/","name":"Berry Harvest | Highest quality, greatest care","description":"Agroindustrial company dedicated to the cultivation and commercialization of blueberries and avocados.","publisher":{"@id":"https:\/\/berryharvest.pe\/en\/#organization"},"alternateName":"Berry Harvest","potentialAction":[{"@type":"SearchAction","target":{"@type":"EntryPoint","urlTemplate":"https:\/\/berryharvest.pe\/en\/?s={search_term_string}"},"query-input":{"@type":"PropertyValueSpecification","valueRequired":true,"valueName":"search_term_string"}}],"inLanguage":"en-US"},{"@type":"Organization","@id":"https:\/\/berryharvest.pe\/en\/#organization","name":"Berry Harvest | Highest quality, greatest care","alternateName":"Berry Harvest","url":"https:\/\/berryharvest.pe\/en\/","logo":{"@type":"ImageObject","inLanguage":"en-US","@id":"https:\/\/berryharvest.pe\/en\/#\/schema\/logo\/image\/","url":"https:\/\/berryharvest.pe\/wp-content\/uploads\/2025\/03\/LOGO-BERRY-HARVEST-A-COLOR-1.png","contentUrl":"https:\/\/berryharvest.pe\/wp-content\/uploads\/2025\/03\/LOGO-BERRY-HARVEST-A-COLOR-1.png","width":160,"height":123,"caption":"Berry Harvest | Highest quality, greatest care"},"image":{"@id":"https:\/\/berryharvest.pe\/en\/#\/schema\/logo\/image\/"},"sameAs":["https:\/\/www.facebook.com\/AgroBerryHarvest","https:\/\/www.linkedin.com\/company\/berry-harvest\/","https:\/\/www.youtube.com\/@BerryHarvest"]}]}},"_links":{"self":[{"href":"https:\/\/berryharvest.pe\/en\/wp-json\/wp\/v2\/pages\/546","targetHints":{"allow":["GET"]}}],"collection":[{"href":"https:\/\/berryharvest.pe\/en\/wp-json\/wp\/v2\/pages"}],"about":[{"href":"https:\/\/berryharvest.pe\/en\/wp-json\/wp\/v2\/types\/page"}],"author":[{"embeddable":true,"href":"https:\/\/berryharvest.pe\/en\/wp-json\/wp\/v2\/users\/1"}],"replies":[{"embeddable":true,"href":"https:\/\/berryharvest.pe\/en\/wp-json\/wp\/v2\/comments?post=546"}],"version-history":[{"count":13,"href":"https:\/\/berryharvest.pe\/en\/wp-json\/wp\/v2\/pages\/546\/revisions"}],"predecessor-version":[{"id":1938,"href":"https:\/\/berryharvest.pe\/en\/wp-json\/wp\/v2\/pages\/546\/revisions\/1938"}],"wp:attachment":[{"href":"https:\/\/berryharvest.pe\/en\/wp-json\/wp\/v2\/media?parent=546"}],"curies":[{"name":"wp","href":"https:\/\/api.w.org\/{rel}","templated":true}]}}