{"id":541,"date":"2025-03-31T16:16:09","date_gmt":"2025-03-31T16:16:09","guid":{"rendered":"https:\/\/berryharvest.pe\/?page_id=541"},"modified":"2025-05-09T19:30:55","modified_gmt":"2025-05-09T19:30:55","slug":"aviso-legal","status":"publish","type":"page","link":"https:\/\/berryharvest.pe\/en\/aviso-legal\/","title":{"rendered":"Aviso legal"},"content":{"rendered":"<div data-elementor-type=\"wp-page\" data-elementor-id=\"541\" class=\"elementor elementor-541\" data-elementor-post-type=\"page\">\n\t\t\t\t\t\t<section class=\"elementor-section elementor-top-section elementor-element elementor-element-efe705c elementor-section-height-min-height elementor-section-boxed elementor-section-height-default elementor-section-items-middle wpr-particle-no wpr-jarallax-no wpr-parallax-no wpr-sticky-section-no wpr-equal-height-no\" data-id=\"efe705c\" data-element_type=\"section\" data-e-type=\"section\" data-settings=\"{&quot;background_background&quot;:&quot;classic&quot;}\">\n\t\t\t\t\t\t<div class=\"elementor-container elementor-column-gap-default\">\n\t\t\t\t\t<div class=\"elementor-column elementor-col-100 elementor-top-column elementor-element elementor-element-b269e35\" data-id=\"b269e35\" data-element_type=\"column\" data-e-type=\"column\">\n\t\t\t<div class=\"elementor-widget-wrap elementor-element-populated\">\n\t\t\t\t\t\t<div class=\"elementor-element elementor-element-59ef75b elementor-widget elementor-widget-heading\" data-id=\"59ef75b\" data-element_type=\"widget\" data-e-type=\"widget\" data-widget_type=\"heading.default\">\n\t\t\t\t<div class=\"elementor-widget-container\">\n\t\t\t\t\t<h1 class=\"elementor-heading-title elementor-size-default\">Aviso Legal<\/h1>\t\t\t\t<\/div>\n\t\t\t\t<\/div>\n\t\t\t\t\t<\/div>\n\t\t<\/div>\n\t\t\t\t\t<\/div>\n\t\t<\/section>\n\t\t\t\t<section class=\"elementor-section elementor-top-section elementor-element elementor-element-d1d63f8 elementor-section-boxed elementor-section-height-default elementor-section-height-default wpr-particle-no wpr-jarallax-no wpr-parallax-no wpr-sticky-section-no wpr-equal-height-no\" data-id=\"d1d63f8\" data-element_type=\"section\" data-e-type=\"section\">\n\t\t\t\t\t\t<div class=\"elementor-container elementor-column-gap-default\">\n\t\t\t\t\t<div class=\"elementor-column elementor-col-100 elementor-top-column elementor-element elementor-element-d96e47e\" data-id=\"d96e47e\" data-element_type=\"column\" data-e-type=\"column\">\n\t\t\t<div class=\"elementor-widget-wrap elementor-element-populated\">\n\t\t\t\t\t\t<div class=\"elementor-element elementor-element-58d9f1d elementor-widget elementor-widget-spacer\" data-id=\"58d9f1d\" data-element_type=\"widget\" data-e-type=\"widget\" data-widget_type=\"spacer.default\">\n\t\t\t\t<div class=\"elementor-widget-container\">\n\t\t\t\t\t\t\t<div class=\"elementor-spacer\">\n\t\t\t<div class=\"elementor-spacer-inner\"><\/div>\n\t\t<\/div>\n\t\t\t\t\t\t<\/div>\n\t\t\t\t<\/div>\n\t\t\t\t\t<\/div>\n\t\t<\/div>\n\t\t\t\t\t<\/div>\n\t\t<\/section>\n\t\t\t\t<section class=\"elementor-section elementor-top-section elementor-element elementor-element-2cbd1b9 elementor-section-boxed elementor-section-height-default elementor-section-height-default wpr-particle-no wpr-jarallax-no wpr-parallax-no wpr-sticky-section-no wpr-equal-height-no\" data-id=\"2cbd1b9\" data-element_type=\"section\" data-e-type=\"section\">\n\t\t\t\t\t\t<div class=\"elementor-container elementor-column-gap-default\">\n\t\t\t\t\t<div class=\"elementor-column elementor-col-100 elementor-top-column elementor-element elementor-element-5a94c09\" data-id=\"5a94c09\" data-element_type=\"column\" data-e-type=\"column\">\n\t\t\t<div class=\"elementor-widget-wrap elementor-element-populated\">\n\t\t\t\t\t\t<div class=\"elementor-element elementor-element-763dff2 elementor-widget elementor-widget-text-editor\" data-id=\"763dff2\" data-element_type=\"widget\" data-e-type=\"widget\" data-widget_type=\"text-editor.default\">\n\t\t\t\t<div class=\"elementor-widget-container\">\n\t\t\t\t\t\t\t\t\t<h5><strong>1. Informaci\u00f3n General<\/strong><\/h5><p>En cumplimiento con la normativa vigente en materia de comercio electr\u00f3nico y protecci\u00f3n de datos, se informa que el presente sitio web, <a href=\"https:\/\/berryharvest.pe\/en\/\">www.berryharvest.pe<\/a>, es propiedad de <strong>Berry Harvest S.A.C.<\/strong>, con domicilio en <strong>Proyecto Olmos, Per\u00fa<\/strong>, y correo electr\u00f3nico de contacto <strong><a href=\"mailto:sistemas@berryharvest.pe\">sistemas@berryharvest.pe<\/a><\/strong>.<\/p><h5><strong>2. Condiciones de Uso<\/strong><\/h5><p>El acceso y uso del sitio web atribuye la condici\u00f3n de usuario e implica la aceptaci\u00f3n de las condiciones aqu\u00ed establecidas. El usuario se compromete a utilizar el sitio web conforme a la legislaci\u00f3n aplicable y a la buena fe.<\/p><h5><strong>3. Propiedad Intelectual e Industrial<\/strong><\/h5><p>Todos los contenidos del sitio web, incluyendo textos, im\u00e1genes, logotipos, marcas y dise\u00f1o gr\u00e1fico, est\u00e1n protegidos por derechos de propiedad intelectual e industrial. Queda prohibida la reproducci\u00f3n, distribuci\u00f3n o modificaci\u00f3n de los contenidos sin autorizaci\u00f3n expresa de Berry Harvest S.A.C.<\/p><h5><strong>4. Responsabilidad<\/strong><\/h5><p>Berry Harvest S.A.C. no se hace responsable de los da\u00f1os o perjuicios que puedan derivarse del uso inadecuado del sitio web, la existencia de virus u otros elementos da\u00f1inos, o la falta de disponibilidad temporal del mismo.<\/p><h5><strong>5. Protecci\u00f3n de Datos<\/strong><\/h5><p>Berry Harvest S.A.C. cumple con la normativa vigente en materia de protecci\u00f3n de datos personales. Para m\u00e1s informaci\u00f3n, consulte nuestra <strong>Privacy Policy<\/strong>.<\/p><h5><strong>6. Legislaci\u00f3n Aplicable y Jurisdicci\u00f3n<\/strong><\/h5><p>El presente aviso legal se rige por la legislaci\u00f3n peruana. Para la resoluci\u00f3n de cualquier conflicto, las partes se someter\u00e1n a los tribunales competentes en Per\u00fa, salvo que la normativa de protecci\u00f3n al consumidor establezca otra jurisdicci\u00f3n aplicable.<\/p><p>Si tiene alguna duda sobre este Aviso Legal, puede contactarnos a trav\u00e9s del correo <strong><a href=\"mailto:sistemas@berryharvest.pe\">sistemas@berryharvest.pe<\/a><\/strong>.<\/p>\t\t\t\t\t\t\t\t<\/div>\n\t\t\t\t<\/div>\n\t\t\t\t\t<\/div>\n\t\t<\/div>\n\t\t\t\t\t<\/div>\n\t\t<\/section>\n\t\t\t\t<section class=\"elementor-section elementor-top-section elementor-element elementor-element-4ebd464 elementor-section-boxed elementor-section-height-default elementor-section-height-default wpr-particle-no wpr-jarallax-no wpr-parallax-no wpr-sticky-section-no wpr-equal-height-no\" data-id=\"4ebd464\" data-element_type=\"section\" data-e-type=\"section\">\n\t\t\t\t\t\t<div class=\"elementor-container elementor-column-gap-default\">\n\t\t\t\t\t<div class=\"elementor-column elementor-col-100 elementor-top-column elementor-element elementor-element-acb31ba\" data-id=\"acb31ba\" data-element_type=\"column\" data-e-type=\"column\">\n\t\t\t<div class=\"elementor-widget-wrap elementor-element-populated\">\n\t\t\t\t\t\t<div class=\"elementor-element elementor-element-09121fd elementor-widget elementor-widget-spacer\" data-id=\"09121fd\" data-element_type=\"widget\" data-e-type=\"widget\" data-widget_type=\"spacer.default\">\n\t\t\t\t<div class=\"elementor-widget-container\">\n\t\t\t\t\t\t\t<div class=\"elementor-spacer\">\n\t\t\t<div class=\"elementor-spacer-inner\"><\/div>\n\t\t<\/div>\n\t\t\t\t\t\t<\/div>\n\t\t\t\t<\/div>\n\t\t\t\t\t<\/div>\n\t\t<\/div>\n\t\t\t\t\t<\/div>\n\t\t<\/section>\n\t\t\t\t<\/div>","protected":false},"excerpt":{"rendered":"<p>Aviso Legal 1. Informaci\u00f3n General En cumplimiento con la normativa vigente en materia de comercio electr\u00f3nico y protecci\u00f3n de datos, se informa que el presente sitio web, www.berryharvest.pe, es propiedad de Berry Harvest S.A.C., con domicilio en Proyecto Olmos, Per\u00fa, y correo electr\u00f3nico de contacto sistemas@berryharvest.pe. 2. Condiciones de Uso El acceso y uso del sitio web atribuye la condici\u00f3n de usuario e implica la aceptaci\u00f3n de las condiciones aqu\u00ed establecidas. El usuario se compromete a utilizar el sitio web conforme a la legislaci\u00f3n aplicable y a la buena fe. 3. Propiedad Intelectual e Industrial Todos los contenidos del sitio web, incluyendo textos, im\u00e1genes, logotipos, marcas y dise\u00f1o gr\u00e1fico, est\u00e1n protegidos por derechos de propiedad intelectual e industrial. Queda prohibida la reproducci\u00f3n, distribuci\u00f3n o modificaci\u00f3n de los contenidos sin autorizaci\u00f3n expresa de Berry Harvest S.A.C. 4. Responsabilidad Berry Harvest S.A.C. no se hace responsable de los da\u00f1os o perjuicios que puedan derivarse del uso inadecuado del sitio web, la existencia de virus u otros elementos da\u00f1inos, o la falta de disponibilidad temporal del mismo. 5. Protecci\u00f3n de Datos Berry Harvest S.A.C. cumple con la normativa vigente en materia de protecci\u00f3n de datos personales. Para m\u00e1s informaci\u00f3n, consulte nuestra Pol\u00edtica de Privacidad. 6. Legislaci\u00f3n Aplicable y Jurisdicci\u00f3n El presente aviso legal se rige por la legislaci\u00f3n peruana. Para la resoluci\u00f3n de cualquier conflicto, las partes se someter\u00e1n a los tribunales competentes en Per\u00fa, salvo que la normativa de protecci\u00f3n al consumidor establezca otra jurisdicci\u00f3n aplicable. Si tiene alguna duda sobre este Aviso Legal, puede contactarnos a trav\u00e9s del correo sistemas@berryharvest.pe.<\/p>","protected":false},"author":1,"featured_media":0,"parent":0,"menu_order":0,"comment_status":"closed","ping_status":"closed","template":"","meta":{"footnotes":""},"class_list":["post-541","page","type-page","status-publish","hentry"],"yoast_head":"<!-- This site is optimized with the Yoast SEO plugin v27.5 - https:\/\/yoast.com\/product\/yoast-seo-wordpress\/ -->\n<title>Aviso legal - Berry Harvest | Highest quality, greatest care<\/title>\n<meta name=\"robots\" content=\"index, follow, max-snippet:-1, max-image-preview:large, max-video-preview:-1\" \/>\n<link rel=\"canonical\" href=\"https:\/\/berryharvest.pe\/en\/aviso-legal\/\" \/>\n<meta property=\"og:locale\" content=\"en_US\" \/>\n<meta property=\"og:type\" content=\"article\" \/>\n<meta property=\"og:title\" content=\"Aviso legal - Berry Harvest | Highest quality, greatest care\" \/>\n<meta property=\"og:description\" content=\"Aviso Legal 1. Informaci\u00f3n General En cumplimiento con la normativa vigente en materia de comercio electr\u00f3nico y protecci\u00f3n de datos, se informa que el presente sitio web, www.berryharvest.pe, es propiedad de Berry Harvest S.A.C., con domicilio en Proyecto Olmos, Per\u00fa, y correo electr\u00f3nico de contacto sistemas@berryharvest.pe. 2. Condiciones de Uso El acceso y uso del sitio web atribuye la condici\u00f3n de usuario e implica la aceptaci\u00f3n de las condiciones aqu\u00ed establecidas. El usuario se compromete a utilizar el sitio web conforme a la legislaci\u00f3n aplicable y a la buena fe. 3. Propiedad Intelectual e Industrial Todos los contenidos del sitio web, incluyendo textos, im\u00e1genes, logotipos, marcas y dise\u00f1o gr\u00e1fico, est\u00e1n protegidos por derechos de propiedad intelectual e industrial. Queda prohibida la reproducci\u00f3n, distribuci\u00f3n o modificaci\u00f3n de los contenidos sin autorizaci\u00f3n expresa de Berry Harvest S.A.C. 4. Responsabilidad Berry Harvest S.A.C. no se hace responsable de los da\u00f1os o perjuicios que puedan derivarse del uso inadecuado del sitio web, la existencia de virus u otros elementos da\u00f1inos, o la falta de disponibilidad temporal del mismo. 5. Protecci\u00f3n de Datos Berry Harvest S.A.C. cumple con la normativa vigente en materia de protecci\u00f3n de datos personales. Para m\u00e1s informaci\u00f3n, consulte nuestra Pol\u00edtica de Privacidad. 6. Legislaci\u00f3n Aplicable y Jurisdicci\u00f3n El presente aviso legal se rige por la legislaci\u00f3n peruana. Para la resoluci\u00f3n de cualquier conflicto, las partes se someter\u00e1n a los tribunales competentes en Per\u00fa, salvo que la normativa de protecci\u00f3n al consumidor establezca otra jurisdicci\u00f3n aplicable. Si tiene alguna duda sobre este Aviso Legal, puede contactarnos a trav\u00e9s del correo sistemas@berryharvest.pe.\" \/>\n<meta property=\"og:url\" content=\"https:\/\/berryharvest.pe\/en\/aviso-legal\/\" \/>\n<meta property=\"og:site_name\" content=\"Berry Harvest | Highest quality, greatest care\" \/>\n<meta property=\"article:publisher\" content=\"https:\/\/www.facebook.com\/AgroBerryHarvest\" \/>\n<meta property=\"article:modified_time\" content=\"2025-05-09T19:30:55+00:00\" \/>\n<meta property=\"og:image\" content=\"https:\/\/berryharvest.pe\/wp-content\/uploads\/2025\/06\/berry-harvest.jpg\" \/>\n\t<meta property=\"og:image:width\" content=\"1200\" \/>\n\t<meta property=\"og:image:height\" content=\"675\" \/>\n\t<meta property=\"og:image:type\" content=\"image\/jpeg\" \/>\n<meta name=\"twitter:card\" content=\"summary_large_image\" \/>\n<meta name=\"twitter:label1\" content=\"Est. reading time\" \/>\n\t<meta name=\"twitter:data1\" content=\"1 minute\" \/>\n<script type=\"application\/ld+json\" class=\"yoast-schema-graph\">{\"@context\":\"https:\\\/\\\/schema.org\",\"@graph\":[{\"@type\":\"WebPage\",\"@id\":\"https:\\\/\\\/berryharvest.pe\\\/aviso-legal\\\/\",\"url\":\"https:\\\/\\\/berryharvest.pe\\\/aviso-legal\\\/\",\"name\":\"Aviso legal - Berry Harvest | Highest quality, greatest care\",\"isPartOf\":{\"@id\":\"https:\\\/\\\/berryharvest.pe\\\/en\\\/#website\"},\"datePublished\":\"2025-03-31T16:16:09+00:00\",\"dateModified\":\"2025-05-09T19:30:55+00:00\",\"breadcrumb\":{\"@id\":\"https:\\\/\\\/berryharvest.pe\\\/aviso-legal\\\/#breadcrumb\"},\"inLanguage\":\"en-US\",\"potentialAction\":[{\"@type\":\"ReadAction\",\"target\":[\"https:\\\/\\\/berryharvest.pe\\\/aviso-legal\\\/\"]}]},{\"@type\":\"BreadcrumbList\",\"@id\":\"https:\\\/\\\/berryharvest.pe\\\/aviso-legal\\\/#breadcrumb\",\"itemListElement\":[{\"@type\":\"ListItem\",\"position\":1,\"name\":\"Portada\",\"item\":\"https:\\\/\\\/berryharvest.pe\\\/\"},{\"@type\":\"ListItem\",\"position\":2,\"name\":\"Aviso legal\"}]},{\"@type\":\"WebSite\",\"@id\":\"https:\\\/\\\/berryharvest.pe\\\/en\\\/#website\",\"url\":\"https:\\\/\\\/berryharvest.pe\\\/en\\\/\",\"name\":\"Berry Harvest | Highest quality, greatest care\",\"description\":\"Agroindustrial company dedicated to the cultivation and commercialization of blueberries and avocados.\",\"publisher\":{\"@id\":\"https:\\\/\\\/berryharvest.pe\\\/en\\\/#organization\"},\"alternateName\":\"Berry Harvest\",\"potentialAction\":[{\"@type\":\"SearchAction\",\"target\":{\"@type\":\"EntryPoint\",\"urlTemplate\":\"https:\\\/\\\/berryharvest.pe\\\/en\\\/?s={search_term_string}\"},\"query-input\":{\"@type\":\"PropertyValueSpecification\",\"valueRequired\":true,\"valueName\":\"search_term_string\"}}],\"inLanguage\":\"en-US\"},{\"@type\":\"Organization\",\"@id\":\"https:\\\/\\\/berryharvest.pe\\\/en\\\/#organization\",\"name\":\"Berry Harvest | Highest quality, greatest care\",\"alternateName\":\"Berry Harvest\",\"url\":\"https:\\\/\\\/berryharvest.pe\\\/en\\\/\",\"logo\":{\"@type\":\"ImageObject\",\"inLanguage\":\"en-US\",\"@id\":\"https:\\\/\\\/berryharvest.pe\\\/en\\\/#\\\/schema\\\/logo\\\/image\\\/\",\"url\":\"https:\\\/\\\/berryharvest.pe\\\/wp-content\\\/uploads\\\/2025\\\/03\\\/LOGO-BERRY-HARVEST-A-COLOR-1.png\",\"contentUrl\":\"https:\\\/\\\/berryharvest.pe\\\/wp-content\\\/uploads\\\/2025\\\/03\\\/LOGO-BERRY-HARVEST-A-COLOR-1.png\",\"width\":160,\"height\":123,\"caption\":\"Berry Harvest | Highest quality, greatest care\"},\"image\":{\"@id\":\"https:\\\/\\\/berryharvest.pe\\\/en\\\/#\\\/schema\\\/logo\\\/image\\\/\"},\"sameAs\":[\"https:\\\/\\\/www.facebook.com\\\/AgroBerryHarvest\",\"https:\\\/\\\/www.linkedin.com\\\/company\\\/berry-harvest\\\/\",\"https:\\\/\\\/www.youtube.com\\\/@BerryHarvest\"]}]}<\/script>\n<!-- \/ Yoast SEO plugin. -->","yoast_head_json":{"title":"Aviso legal - Berry Harvest | Highest quality, greatest care","robots":{"index":"index","follow":"follow","max-snippet":"max-snippet:-1","max-image-preview":"max-image-preview:large","max-video-preview":"max-video-preview:-1"},"canonical":"https:\/\/berryharvest.pe\/en\/aviso-legal\/","og_locale":"en_US","og_type":"article","og_title":"Aviso legal - Berry Harvest | Highest quality, greatest care","og_description":"Aviso Legal 1. Informaci\u00f3n General En cumplimiento con la normativa vigente en materia de comercio electr\u00f3nico y protecci\u00f3n de datos, se informa que el presente sitio web, www.berryharvest.pe, es propiedad de Berry Harvest S.A.C., con domicilio en Proyecto Olmos, Per\u00fa, y correo electr\u00f3nico de contacto sistemas@berryharvest.pe. 2. Condiciones de Uso El acceso y uso del sitio web atribuye la condici\u00f3n de usuario e implica la aceptaci\u00f3n de las condiciones aqu\u00ed establecidas. El usuario se compromete a utilizar el sitio web conforme a la legislaci\u00f3n aplicable y a la buena fe. 3. Propiedad Intelectual e Industrial Todos los contenidos del sitio web, incluyendo textos, im\u00e1genes, logotipos, marcas y dise\u00f1o gr\u00e1fico, est\u00e1n protegidos por derechos de propiedad intelectual e industrial. Queda prohibida la reproducci\u00f3n, distribuci\u00f3n o modificaci\u00f3n de los contenidos sin autorizaci\u00f3n expresa de Berry Harvest S.A.C. 4. Responsabilidad Berry Harvest S.A.C. no se hace responsable de los da\u00f1os o perjuicios que puedan derivarse del uso inadecuado del sitio web, la existencia de virus u otros elementos da\u00f1inos, o la falta de disponibilidad temporal del mismo. 5. Protecci\u00f3n de Datos Berry Harvest S.A.C. cumple con la normativa vigente en materia de protecci\u00f3n de datos personales. Para m\u00e1s informaci\u00f3n, consulte nuestra Pol\u00edtica de Privacidad. 6. Legislaci\u00f3n Aplicable y Jurisdicci\u00f3n El presente aviso legal se rige por la legislaci\u00f3n peruana. Para la resoluci\u00f3n de cualquier conflicto, las partes se someter\u00e1n a los tribunales competentes en Per\u00fa, salvo que la normativa de protecci\u00f3n al consumidor establezca otra jurisdicci\u00f3n aplicable. Si tiene alguna duda sobre este Aviso Legal, puede contactarnos a trav\u00e9s del correo sistemas@berryharvest.pe.","og_url":"https:\/\/berryharvest.pe\/en\/aviso-legal\/","og_site_name":"Berry Harvest | Highest quality, greatest care","article_publisher":"https:\/\/www.facebook.com\/AgroBerryHarvest","article_modified_time":"2025-05-09T19:30:55+00:00","og_image":[{"width":1200,"height":675,"url":"https:\/\/berryharvest.pe\/wp-content\/uploads\/2025\/06\/berry-harvest.jpg","type":"image\/jpeg"}],"twitter_card":"summary_large_image","twitter_misc":{"Est. reading time":"1 minute"},"schema":{"@context":"https:\/\/schema.org","@graph":[{"@type":"WebPage","@id":"https:\/\/berryharvest.pe\/aviso-legal\/","url":"https:\/\/berryharvest.pe\/aviso-legal\/","name":"Aviso legal - Berry Harvest | Highest quality, greatest care","isPartOf":{"@id":"https:\/\/berryharvest.pe\/en\/#website"},"datePublished":"2025-03-31T16:16:09+00:00","dateModified":"2025-05-09T19:30:55+00:00","breadcrumb":{"@id":"https:\/\/berryharvest.pe\/aviso-legal\/#breadcrumb"},"inLanguage":"en-US","potentialAction":[{"@type":"ReadAction","target":["https:\/\/berryharvest.pe\/aviso-legal\/"]}]},{"@type":"BreadcrumbList","@id":"https:\/\/berryharvest.pe\/aviso-legal\/#breadcrumb","itemListElement":[{"@type":"ListItem","position":1,"name":"Portada","item":"https:\/\/berryharvest.pe\/"},{"@type":"ListItem","position":2,"name":"Aviso legal"}]},{"@type":"WebSite","@id":"https:\/\/berryharvest.pe\/en\/#website","url":"https:\/\/berryharvest.pe\/en\/","name":"Berry Harvest | Highest quality, greatest care","description":"Agroindustrial company dedicated to the cultivation and commercialization of blueberries and avocados.","publisher":{"@id":"https:\/\/berryharvest.pe\/en\/#organization"},"alternateName":"Berry Harvest","potentialAction":[{"@type":"SearchAction","target":{"@type":"EntryPoint","urlTemplate":"https:\/\/berryharvest.pe\/en\/?s={search_term_string}"},"query-input":{"@type":"PropertyValueSpecification","valueRequired":true,"valueName":"search_term_string"}}],"inLanguage":"en-US"},{"@type":"Organization","@id":"https:\/\/berryharvest.pe\/en\/#organization","name":"Berry Harvest | Highest quality, greatest care","alternateName":"Berry Harvest","url":"https:\/\/berryharvest.pe\/en\/","logo":{"@type":"ImageObject","inLanguage":"en-US","@id":"https:\/\/berryharvest.pe\/en\/#\/schema\/logo\/image\/","url":"https:\/\/berryharvest.pe\/wp-content\/uploads\/2025\/03\/LOGO-BERRY-HARVEST-A-COLOR-1.png","contentUrl":"https:\/\/berryharvest.pe\/wp-content\/uploads\/2025\/03\/LOGO-BERRY-HARVEST-A-COLOR-1.png","width":160,"height":123,"caption":"Berry Harvest | Highest quality, greatest care"},"image":{"@id":"https:\/\/berryharvest.pe\/en\/#\/schema\/logo\/image\/"},"sameAs":["https:\/\/www.facebook.com\/AgroBerryHarvest","https:\/\/www.linkedin.com\/company\/berry-harvest\/","https:\/\/www.youtube.com\/@BerryHarvest"]}]}},"_links":{"self":[{"href":"https:\/\/berryharvest.pe\/en\/wp-json\/wp\/v2\/pages\/541","targetHints":{"allow":["GET"]}}],"collection":[{"href":"https:\/\/berryharvest.pe\/en\/wp-json\/wp\/v2\/pages"}],"about":[{"href":"https:\/\/berryharvest.pe\/en\/wp-json\/wp\/v2\/types\/page"}],"author":[{"embeddable":true,"href":"https:\/\/berryharvest.pe\/en\/wp-json\/wp\/v2\/users\/1"}],"replies":[{"embeddable":true,"href":"https:\/\/berryharvest.pe\/en\/wp-json\/wp\/v2\/comments?post=541"}],"version-history":[{"count":28,"href":"https:\/\/berryharvest.pe\/en\/wp-json\/wp\/v2\/pages\/541\/revisions"}],"predecessor-version":[{"id":1703,"href":"https:\/\/berryharvest.pe\/en\/wp-json\/wp\/v2\/pages\/541\/revisions\/1703"}],"wp:attachment":[{"href":"https:\/\/berryharvest.pe\/en\/wp-json\/wp\/v2\/media?parent=541"}],"curies":[{"name":"wp","href":"https:\/\/api.w.org\/{rel}","templated":true}]}}